{"id":54,"date":"2017-09-14T23:10:28","date_gmt":"2017-09-14T23:10:28","guid":{"rendered":"http:\/\/fieldtargetcolombia.com\/?page_id=54"},"modified":"2023-06-17T22:22:12","modified_gmt":"2023-06-17T22:22:12","slug":"el-club","status":"publish","type":"page","link":"https:\/\/fieldtargetcolombia.com\/index.php\/el-club\/","title":{"rendered":"EL CLUB"},"content":{"rendered":"\n<p id=\"block-be94b488-e221-4d05-8b70-47ec357d5c3f\"><br>\ufeff<\/p>\n\n\n\n<h2 class=\"wp-block-heading has-text-align-center\" id=\"block-2e326942-afe9-44c8-9575-9923d67bd38b\">ACERCA DE NUESTRO CLUB<\/h2>\n\n\n\n<p id=\"block-8f04310d-89d0-481f-9833-8da6280369d1\">\ufeff<\/p>\n\n\n\n<p id=\"block-8e8e2b51-0a54-4e8b-ba21-aff7318d0910\">\ufeff<\/p>\n\n\n<div class=\"wp-block-image\">\n<figure class=\"aligncenter is-resized\" id=\"block-ab688ba8-f193-4889-81e7-3c9158d819bd\"><img decoding=\"async\" loading=\"lazy\" src=\"https:\/\/fieldtargetcolombia.com\/wp-content\/uploads\/2023\/06\/nuevo-logo.jpg\" alt=\"Esta imagen tiene un atributo ALT vac\u00edo; su nombre de archivo es nuevo-logo.jpg\" width=\"135\" height=\"132\"\/><\/figure><\/div>\n\n\n<p id=\"block-4d78d162-290c-44c6-9007-8866812a141b\">\ufeff<\/p>\n\n\n\n<p id=\"block-462d9d5a-ea01-45ee-a56f-a4c00bac5258\">\ufeff<\/p>\n\n\n\n<p class=\"justificar\" id=\"block-d46140cc-0b3e-4db6-a216-b5372cef9981\">Somos un club de tiro deportivo sin \u00e1nimo de lucro de la cuidad de Bogot\u00e1 D.C, Fundado en el a\u00f1o 2010, desde entonces nos dedicamos a fomentar la practica y la ense\u00f1anza de modalidades de tiro deportivo con armas neum\u00e1ticas mediante actividades recreativas y competencias en las modalidades: Field Target, Hunter Field Target y Air Benchrest.<\/p>\n\n\n\n<p id=\"block-bf114747-caa7-4ef2-a020-7b1a6501222e\">\ufeff<\/p>\n\n\n\n<p class=\"justificar\" id=\"block-03313629-8737-4a0e-96b7-0e060c54bcb8\">Somos un grupo de deportistas y entusiastas comprometidos con la pr\u00e1ctica deportiva responsable y segura, garantizando que nuestras actividades siempre se realicen en cumplimiento con las leyes, normas y reglamentos vigentes.<\/p>\n\n\n\n<p id=\"block-9fd238fd-e36b-43b7-9c32-ffaeb5500fc5\">\ufeff<\/p>\n\n\n\n<p class=\"justificar\" id=\"block-8586daf1-2cae-4b86-9f8d-00e253dbc3e2\">Nuestro club en cumplimiento de la Ley 181 de 1985 cuenta con Reconocimiento deportivo expedido por el Instituto Distrital de Recreaci\u00f3n y Deporte IDRD &#8211; Bogota D.C., Afiliaci\u00f3n a la Liga Bogotana de Tiro Deportivo, Afiliaci\u00f3n a la Federaci\u00f3n Colombiana de Tiro y Caza &#8211; FEDETIRO<\/p>\n\n\n\n<p id=\"block-9b45fe56-5c48-4640-a5ad-904874f9fdf4\">\ufeff<\/p>\n\n\n<div class=\"wp-block-image\">\n<figure class=\"aligncenter is-resized\" id=\"block-4dd9f3eb-871e-4bb2-8349-428aa816f2c3\"><img decoding=\"async\" loading=\"lazy\" src=\"https:\/\/fieldtargetcolombia.com\/wp-content\/uploads\/2023\/06\/afiliaciones-1024x252.png\" alt=\"Esta imagen tiene un atributo ALT vac\u00edo; su nombre de archivo es afiliaciones-1024x252.png\" width=\"552\" height=\"135\"\/><\/figure><\/div>\n\n\n<p id=\"block-d1eef097-4d7b-46ca-b933-82af6ffda6bc\">\ufeff<\/p>\n\n\n\n<hr class=\"wp-block-separator has-alpha-channel-opacity is-style-dots\" id=\"block-a813ae30-7ac3-4afa-8419-ddf4277e6e43\"\/>\n\n\n\n<p id=\"block-93510fd9-d155-4b1e-a780-b94dd06c527e\">\ufeff<\/p>\n\n\n\n<p class=\"has-text-align-center\" id=\"block-0c361e70-ba14-44de-863b-b8cf44705d85\"><strong>MISI\u00d3N<\/strong><\/p>\n\n\n\n<p class=\"justificar\" id=\"block-fb68c2de-e905-40c9-8122-4942b118a870\">Garantizar a nuestro afiliados&nbsp; y deportistas un lugar adecuado para practicar tiro deportivo con armas neum\u00e1ticas en donde la recreaci\u00f3n y el aprovechamiento del tiempo libre est\u00e9n asegurados, as\u00ed mismo promover&nbsp; e incentivar la pr\u00e1ctica&nbsp; de nuestro deporte&nbsp; en un marco de valores como el respeto, disciplina, y competitividad que garanticen a nuestros deportistas&nbsp; el mejoramiento continuo de&nbsp; sus habilidades a trav\u00e9s de la pr\u00e1ctica&nbsp; seria y responsable&nbsp; que les permitir\u00e1 obtener los mejores resultados en las diferentes competencias a nivel regional y nacional.<\/p>\n\n\n\n<p id=\"block-b3be7cb1-a35a-41cc-a321-4197833953be\">\ufeff<\/p>\n\n\n\n<hr class=\"wp-block-separator has-alpha-channel-opacity is-style-dots\" id=\"block-34d90493-462d-4fc6-8fad-b55da5329d72\"\/>\n\n\n\n<p id=\"block-b60f40a0-97ba-4838-9c28-8907dc30a810\">\ufeff<\/p>\n\n\n\n<p class=\"has-text-align-center\" id=\"block-a7edf3ca-b7f9-4bc3-b77f-ba21a379d12a\"><strong>VISI\u00d3N<\/strong><\/p>\n\n\n\n<p class=\"justificar\" id=\"block-446a69db-228c-4a2b-b8dc-4d8ef820325f\">Ser reconocidos como un Club de tiro Deportivo de alta calidad, conformado por un grupo de personas que demuestran valores y habilidades excepcionales; demostrando su esfuerzo, dedicaci\u00f3n y buena preparaci\u00f3n&nbsp; en cada una de las competencias en las que participan logrando siempre los mejores resultados en las diferentes pruebas y categor\u00edas.<\/p>\n\n\n\n<hr class=\"wp-block-separator has-alpha-channel-opacity is-style-dots\" id=\"block-f0b6e77d-6a57-40bd-a2a3-919c674376a2\"\/>\n\n\n\n<p>\ufeff<\/p>\n\n\n<div class=\"wp-block-image\">\n<figure class=\"aligncenter size-full is-resized\"><img decoding=\"async\" loading=\"lazy\" src=\"https:\/\/fieldtargetcolombia.com\/wp-content\/uploads\/2023\/06\/descarga.jpeg\" alt=\"\" class=\"wp-image-2492\" width=\"583\" height=\"354\"\/><\/figure><\/div>\n\n\n<h2 class=\"wp-block-heading\"><\/h2>\n","protected":false},"excerpt":{"rendered":"<p>\ufeff ACERCA DE NUESTRO CLUB \ufeff \ufeff \ufeff \ufeff Somos un club de tiro deportivo sin \u00e1nimo de lucro de la cuidad de Bogot\u00e1 D.C, Fundado en el a\u00f1o 2010, desde entonces nos dedicamos a fomentar la practica y la ense\u00f1anza de modalidades de tiro deportivo con armas neum\u00e1ticas mediante actividades recreativas y competencias en [&hellip;]<\/p>\n","protected":false},"author":1,"featured_media":0,"parent":0,"menu_order":0,"comment_status":"closed","ping_status":"closed","template":"","meta":[],"_links":{"self":[{"href":"https:\/\/fieldtargetcolombia.com\/index.php\/wp-json\/wp\/v2\/pages\/54"}],"collection":[{"href":"https:\/\/fieldtargetcolombia.com\/index.php\/wp-json\/wp\/v2\/pages"}],"about":[{"href":"https:\/\/fieldtargetcolombia.com\/index.php\/wp-json\/wp\/v2\/types\/page"}],"author":[{"embeddable":true,"href":"https:\/\/fieldtargetcolombia.com\/index.php\/wp-json\/wp\/v2\/users\/1"}],"replies":[{"embeddable":true,"href":"https:\/\/fieldtargetcolombia.com\/index.php\/wp-json\/wp\/v2\/comments?post=54"}],"version-history":[{"count":22,"href":"https:\/\/fieldtargetcolombia.com\/index.php\/wp-json\/wp\/v2\/pages\/54\/revisions"}],"predecessor-version":[{"id":2498,"href":"https:\/\/fieldtargetcolombia.com\/index.php\/wp-json\/wp\/v2\/pages\/54\/revisions\/2498"}],"wp:attachment":[{"href":"https:\/\/fieldtargetcolombia.com\/index.php\/wp-json\/wp\/v2\/media?parent=54"}],"curies":[{"name":"wp","href":"https:\/\/api.w.org\/{rel}","templated":true}]}}