{"id":2629,"date":"2023-06-29T00:51:53","date_gmt":"2023-06-29T00:51:53","guid":{"rendered":"https:\/\/fieldtargetcolombia.com\/?page_id=2629"},"modified":"2024-03-06T01:10:22","modified_gmt":"2024-03-06T01:10:22","slug":"4562-2","status":"publish","type":"page","link":"https:\/\/fieldtargetcolombia.com\/index.php\/4562-2\/","title":{"rendered":"1. JULIO ALONSO CAMPUZANO CAMPO"},"content":{"rendered":"\n<p class=\"has-text-align-center\"><strong>INFORMACI\u00d3N GENERAL DEL AFILIADO<\/strong> <strong>Y ESTADO DE AFILIACI\u00d3N<\/strong><\/p>\n\n\n<div class=\"wp-block-image\">\n<figure class=\"aligncenter size-large is-resized\"><img decoding=\"async\" loading=\"lazy\" src=\"https:\/\/fieldtargetcolombia.com\/wp-content\/uploads\/2023\/06\/Foto--768x1024.jpg\" alt=\"\" class=\"wp-image-2633\" width=\"192\" height=\"256\" srcset=\"https:\/\/fieldtargetcolombia.com\/wp-content\/uploads\/2023\/06\/Foto--768x1024.jpg 768w, https:\/\/fieldtargetcolombia.com\/wp-content\/uploads\/2023\/06\/Foto--225x300.jpg 225w, https:\/\/fieldtargetcolombia.com\/wp-content\/uploads\/2023\/06\/Foto--1152x1536.jpg 1152w, https:\/\/fieldtargetcolombia.com\/wp-content\/uploads\/2023\/06\/Foto--1536x2048.jpg 1536w, https:\/\/fieldtargetcolombia.com\/wp-content\/uploads\/2023\/06\/Foto--1080x1440.jpg 1080w, https:\/\/fieldtargetcolombia.com\/wp-content\/uploads\/2023\/06\/Foto-.jpg 1559w\" sizes=\"(max-width: 192px) 100vw, 192px\" \/><\/figure><\/div>\n\n\n<figure class=\"wp-block-table aligncenter is-style-stripes\"><table><tbody><tr><td><strong>JULIO ALONSO CAMPUZANO CAMPO<br><\/strong>DOCUMENTO DE IDENTIDAD: 1.048.995.057<br>TELEFONO: 3105896973<\/td><\/tr><tr><td><\/td><\/tr><tr><td><strong>DATOS DE AFILIACI\u00d3N<\/strong><br>TIPO DE AFILIACI\u00d3N: DEPORTISTA<br>ESTADO DE AFILIACI\u00d3N: ACTIVO<br>CARNET VIGENTE HASTA: 31 DICIEMBRE DE 2023<\/td><\/tr><tr><td><\/td><\/tr><tr><td><strong>MODALIDADES QUE PRACTICA:<\/strong><br>FIELD TARGET<br>HUNTER FIELD TARGET<br>AIR BENCH REST<\/td><\/tr><tr><td><\/td><\/tr><\/tbody><\/table><\/figure>\n\n\n\n<p><\/p>\n\n\n\n<p class=\"has-text-align-center\"><strong>ARMAS DEPORTIVAS NEUM\u00c1TICAS REGISTRADAS<\/strong><\/p>\n\n\n\n<figure class=\"wp-block-table aligncenter is-style-regular\" style=\"font-size:12px\"><table><tbody><tr><td class=\"has-text-align-center\" data-align=\"center\"><strong>MARCA\/MODELO<\/strong><\/td><td class=\"has-text-align-center\" data-align=\"center\"><strong>CALIBRE<\/strong><\/td><td class=\"has-text-align-center\" data-align=\"center\"><strong>N\u00daMERO DE SERIAL<\/strong><\/td><\/tr><tr><td class=\"has-text-align-center\" data-align=\"center\">ARMICAZA PR900<\/td><td class=\"has-text-align-center\" data-align=\"center\">5.5<\/td><td class=\"has-text-align-center\" data-align=\"center\">1722229955168102E<\/td><\/tr><tr><td class=\"has-text-align-center\" data-align=\"center\">ARTEMIS P10<\/td><td class=\"has-text-align-center\" data-align=\"center\">5.5<\/td><td class=\"has-text-align-center\" data-align=\"center\">1722229955254128G<\/td><\/tr><\/tbody><\/table><\/figure>\n\n\n\n<p><\/p>\n\n\n\n<p class=\"has-text-align-center\"><strong>ARMAS DEPORTIVAS DE FUEGO REGISTRADAS<\/strong><\/p>\n\n\n\n<figure class=\"wp-block-table aligncenter is-style-regular\" style=\"font-size:12px\"><table><tbody><tr><td class=\"has-text-align-center\" data-align=\"center\"><strong>MARCA\/MODELO<\/strong><\/td><td class=\"has-text-align-center\" data-align=\"center\"><strong>CALIBRE<\/strong><\/td><td class=\"has-text-align-center\" data-align=\"center\"><strong>N\u00daMERO DE SERIAL<\/strong><\/td><\/tr><tr><td class=\"has-text-align-center\" data-align=\"center\">NO TIENE NINGUNA ARMA DE <br>FUEGO DEPORTIVA REGISTRADA<\/td><td class=\"has-text-align-center\" data-align=\"center\">N\/A<\/td><td class=\"has-text-align-center\" data-align=\"center\">N\/A<\/td><\/tr><\/tbody><\/table><\/figure>\n\n\n\n<p><\/p>\n\n\n\n<p><\/p>\n\n\n\n<div class=\"wp-block-buttons is-layout-flex\">\n<div class=\"wp-block-button aligncenter is-style-fill\"><a class=\"wp-block-button__link has-white-color has-black-background-color has-text-color has-background wp-element-button\" href=\"https:\/\/fieldtargetcolombia.com\/index.php\/datos-del-club\/\">DATOS DEL CLUB<\/a><\/div>\n\n\n\n<div class=\"wp-block-button aligncenter\"><a class=\"wp-block-button__link has-white-color has-black-background-color has-text-color has-background wp-element-button\">RESULTADOS DEPORTISTA<\/a><\/div>\n\n\n\n<div class=\"wp-block-button aligncenter\"><a class=\"wp-block-button__link has-white-color has-black-background-color has-text-color has-background wp-element-button\" href=\"https:\/\/fieldtargetcolombia.com\/\">PAGINA PRINCIPAL<\/a><\/div>\n<\/div>\n","protected":false},"excerpt":{"rendered":"<p>INFORMACI\u00d3N GENERAL DEL AFILIADO Y ESTADO DE AFILIACI\u00d3N JULIO ALONSO CAMPUZANO CAMPODOCUMENTO DE IDENTIDAD: 1.048.995.057TELEFONO: 3105896973 DATOS DE AFILIACI\u00d3NTIPO DE AFILIACI\u00d3N: DEPORTISTAESTADO DE AFILIACI\u00d3N: ACTIVOCARNET VIGENTE HASTA: 31 DICIEMBRE DE 2023 MODALIDADES QUE PRACTICA:FIELD TARGETHUNTER FIELD TARGETAIR BENCH REST ARMAS DEPORTIVAS NEUM\u00c1TICAS REGISTRADAS MARCA\/MODELO CALIBRE N\u00daMERO DE SERIAL ARMICAZA PR900 5.5 1722229955168102E ARTEMIS P10 5.5 [&hellip;]<\/p>\n","protected":false},"author":1,"featured_media":0,"parent":0,"menu_order":0,"comment_status":"closed","ping_status":"closed","template":"","meta":[],"_links":{"self":[{"href":"https:\/\/fieldtargetcolombia.com\/index.php\/wp-json\/wp\/v2\/pages\/2629"}],"collection":[{"href":"https:\/\/fieldtargetcolombia.com\/index.php\/wp-json\/wp\/v2\/pages"}],"about":[{"href":"https:\/\/fieldtargetcolombia.com\/index.php\/wp-json\/wp\/v2\/types\/page"}],"author":[{"embeddable":true,"href":"https:\/\/fieldtargetcolombia.com\/index.php\/wp-json\/wp\/v2\/users\/1"}],"replies":[{"embeddable":true,"href":"https:\/\/fieldtargetcolombia.com\/index.php\/wp-json\/wp\/v2\/comments?post=2629"}],"version-history":[{"count":3,"href":"https:\/\/fieldtargetcolombia.com\/index.php\/wp-json\/wp\/v2\/pages\/2629\/revisions"}],"predecessor-version":[{"id":2659,"href":"https:\/\/fieldtargetcolombia.com\/index.php\/wp-json\/wp\/v2\/pages\/2629\/revisions\/2659"}],"wp:attachment":[{"href":"https:\/\/fieldtargetcolombia.com\/index.php\/wp-json\/wp\/v2\/media?parent=2629"}],"curies":[{"name":"wp","href":"https:\/\/api.w.org\/{rel}","templated":true}]}}