{"id":2301,"date":"2023-03-15T14:52:14","date_gmt":"2023-03-15T14:52:14","guid":{"rendered":"http:\/\/fieldtargetcolombia.com\/?page_id=2301"},"modified":"2023-06-07T19:04:43","modified_gmt":"2023-06-07T19:04:43","slug":"4356-2","status":"publish","type":"page","link":"https:\/\/fieldtargetcolombia.com\/index.php\/4356-2\/","title":{"rendered":"1. JAVIER BERDUGO HERNANDEZ"},"content":{"rendered":"\n<p class=\"has-text-align-center\"><strong>INFORMACI\u00d3N GENERAL DEL AFILIADO<\/strong> <strong>Y ESTADO DE AFILIACI\u00d3N<\/strong><\/p>\n\n\n<div class=\"wp-block-image\">\n<figure class=\"aligncenter size-full is-resized\"><img decoding=\"async\" loading=\"lazy\" src=\"https:\/\/fieldtargetcolombia.com\/wp-content\/uploads\/2023\/06\/Javir-Berdugo.png\" alt=\"\" class=\"wp-image-2401\" width=\"164\" height=\"227\" srcset=\"https:\/\/fieldtargetcolombia.com\/wp-content\/uploads\/2023\/06\/Javir-Berdugo.png 655w, https:\/\/fieldtargetcolombia.com\/wp-content\/uploads\/2023\/06\/Javir-Berdugo-216x300.png 216w\" sizes=\"(max-width: 164px) 100vw, 164px\" \/><\/figure><\/div>\n\n\n<figure class=\"wp-block-table aligncenter is-style-stripes\"><table><tbody><tr><td><strong>JAVIER BERDUGO HERNANDEZ<\/strong><br>DOCUMENTO DE IDENTIDAD: 7.306.483<br>TELEFONO: 3157804746<\/td><\/tr><tr><td><\/td><\/tr><tr><td><strong>DATOS DE AFILIACI\u00d3N<\/strong><br>TIPO DE AFILIACI\u00d3N: DEPORTISTA<br>ESTADO DE AFILIACI\u00d3N: ACTIVO<br>CARNET VIGENTE HASTA: 31 DICIEMBRE 2023<\/td><\/tr><tr><td><\/td><\/tr><tr><td><strong>MODALIDADES QUE PRACTICA:<\/strong><br>FIELD TARGET<br>HUNTER FIELD TARGET<br>AIR BENCH REST<br>ACTION AIR<\/td><\/tr><tr><td><\/td><\/tr><\/tbody><\/table><\/figure>\n\n\n\n<p><\/p>\n\n\n\n<p class=\"has-text-align-center\"><strong>ARMAS DEPORTIVAS NEUM\u00c1TICAS REGISTRADAS<\/strong><\/p>\n\n\n\n<figure class=\"wp-block-table aligncenter\" style=\"font-size:12px\"><table><tbody><tr><td class=\"has-text-align-center\" data-align=\"center\"><strong>MARCA\/MODELO<\/strong><\/td><td class=\"has-text-align-center\" data-align=\"center\"><strong>CALIBRE<\/strong><\/td><td class=\"has-text-align-center\" data-align=\"center\"><strong>N\u00daMERO DE SERIAL<\/strong><\/td><\/tr><tr><td class=\"has-text-align-center\" data-align=\"center\">JKHAN&nbsp; KROSA NOBLESSE<\/td><td class=\"has-text-align-center\" data-align=\"center\">5.5<\/td><td class=\"has-text-align-center\" data-align=\"center\">0115H011074<\/td><\/tr><tr><td class=\"has-text-align-center\" data-align=\"center\">AIR ARMS S410 TDR<\/td><td class=\"has-text-align-center\" data-align=\"center\">4.5<\/td><td class=\"has-text-align-center\" data-align=\"center\">152398<\/td><\/tr><tr><td class=\"has-text-align-center\" data-align=\"center\">HATSAN BULLBOSS<\/td><td class=\"has-text-align-center\" data-align=\"center\">6.35<\/td><td class=\"has-text-align-center\" data-align=\"center\">051721843<\/td><\/tr><tr><td class=\"has-text-align-center\" data-align=\"center\">HATSAN FLASH<\/td><td class=\"has-text-align-center\" data-align=\"center\">4.5<\/td><td class=\"has-text-align-center\" data-align=\"center\">011821814<\/td><\/tr><tr><td class=\"has-text-align-center\" data-align=\"center\">WALTHER CP99 COMPACT <\/td><td class=\"has-text-align-center\" data-align=\"center\">4.5<\/td><td class=\"has-text-align-center\" data-align=\"center\">14A00639<\/td><\/tr><tr><td class=\"has-text-align-center\" data-align=\"center\">DAISY&nbsp; 1200<\/td><td class=\"has-text-align-center\" data-align=\"center\">4.5<\/td><td class=\"has-text-align-center\" data-align=\"center\">7L00096<\/td><\/tr><\/tbody><\/table><\/figure>\n\n\n\n<p><\/p>\n\n\n\n<p class=\"has-text-align-center\"><strong>ARMAS DEPORTIVAS DE FUEGO REGISTRADAS<\/strong><\/p>\n\n\n\n<figure class=\"wp-block-table aligncenter\" style=\"font-size:12px\"><table><tbody><tr><td class=\"has-text-align-center\" data-align=\"center\"><strong>MARCA\/MODELO<\/strong><\/td><td class=\"has-text-align-center\" data-align=\"center\"><strong>CALIBRE<\/strong><\/td><td class=\"has-text-align-center\" data-align=\"center\"><strong>N\u00daMERO DE SERIAL<\/strong><\/td><\/tr><tr><td class=\"has-text-align-center\" data-align=\"center\">NO TIENE NINGUNA ARMA DE FUEGO<br> DEPORTIVA REGISTRADA<\/td><td class=\"has-text-align-center\" data-align=\"center\">N\/A<\/td><td class=\"has-text-align-center\" data-align=\"center\">N\/A<\/td><\/tr><\/tbody><\/table><\/figure>\n\n\n\n<p><\/p>\n\n\n\n<p><\/p>\n\n\n\n<div class=\"wp-block-buttons is-layout-flex\">\n<div class=\"wp-block-button aligncenter is-style-fill\"><a class=\"wp-block-button__link has-white-color has-black-background-color has-text-color has-background wp-element-button\" href=\"https:\/\/fieldtargetcolombia.com\/index.php\/datos-del-club\/\">DATOS DEL CLUB<\/a><\/div>\n\n\n\n<div class=\"wp-block-button aligncenter\"><a class=\"wp-block-button__link has-white-color has-black-background-color has-text-color has-background wp-element-button\">RESULTADOS DEPORTISTA<\/a><\/div>\n\n\n\n<div class=\"wp-block-button aligncenter\"><a class=\"wp-block-button__link has-white-color has-black-background-color has-text-color has-background wp-element-button\" href=\"https:\/\/fieldtargetcolombia.com\/index.php\/6425-2\/\">PAGINA PRINCIPAL<\/a><\/div>\n<\/div>\n","protected":false},"excerpt":{"rendered":"<p>INFORMACI\u00d3N GENERAL DEL AFILIADO Y ESTADO DE AFILIACI\u00d3N JAVIER BERDUGO HERNANDEZDOCUMENTO DE IDENTIDAD: 7.306.483TELEFONO: 3157804746 DATOS DE AFILIACI\u00d3NTIPO DE AFILIACI\u00d3N: DEPORTISTAESTADO DE AFILIACI\u00d3N: ACTIVOCARNET VIGENTE HASTA: 31 DICIEMBRE 2023 MODALIDADES QUE PRACTICA:FIELD TARGETHUNTER FIELD TARGETAIR BENCH RESTACTION AIR ARMAS DEPORTIVAS NEUM\u00c1TICAS REGISTRADAS MARCA\/MODELO CALIBRE N\u00daMERO DE SERIAL JKHAN&nbsp; KROSA NOBLESSE 5.5 0115H011074 AIR ARMS S410 [&hellip;]<\/p>\n","protected":false},"author":1,"featured_media":0,"parent":0,"menu_order":0,"comment_status":"closed","ping_status":"closed","template":"","meta":[],"_links":{"self":[{"href":"https:\/\/fieldtargetcolombia.com\/index.php\/wp-json\/wp\/v2\/pages\/2301"}],"collection":[{"href":"https:\/\/fieldtargetcolombia.com\/index.php\/wp-json\/wp\/v2\/pages"}],"about":[{"href":"https:\/\/fieldtargetcolombia.com\/index.php\/wp-json\/wp\/v2\/types\/page"}],"author":[{"embeddable":true,"href":"https:\/\/fieldtargetcolombia.com\/index.php\/wp-json\/wp\/v2\/users\/1"}],"replies":[{"embeddable":true,"href":"https:\/\/fieldtargetcolombia.com\/index.php\/wp-json\/wp\/v2\/comments?post=2301"}],"version-history":[{"count":7,"href":"https:\/\/fieldtargetcolombia.com\/index.php\/wp-json\/wp\/v2\/pages\/2301\/revisions"}],"predecessor-version":[{"id":2402,"href":"https:\/\/fieldtargetcolombia.com\/index.php\/wp-json\/wp\/v2\/pages\/2301\/revisions\/2402"}],"wp:attachment":[{"href":"https:\/\/fieldtargetcolombia.com\/index.php\/wp-json\/wp\/v2\/media?parent=2301"}],"curies":[{"name":"wp","href":"https:\/\/api.w.org\/{rel}","templated":true}]}}