{"id":2294,"date":"2023-03-15T14:27:52","date_gmt":"2023-03-15T14:27:52","guid":{"rendered":"http:\/\/fieldtargetcolombia.com\/?page_id=2294"},"modified":"2023-06-03T03:00:22","modified_gmt":"2023-06-03T03:00:22","slug":"6425-2","status":"publish","type":"page","link":"https:\/\/fieldtargetcolombia.com\/index.php\/6425-2\/","title":{"rendered":"1. FREDY URIBE GOMEZ"},"content":{"rendered":"\n<p class=\"has-text-align-center\"><strong>INFORMACI\u00d3N GENERAL DEL AFILIADO<\/strong> <strong>Y ESTADO DE AFILIACI\u00d3N<\/strong><\/p>\n\n\n<div class=\"wp-block-image\">\n<figure class=\"aligncenter size-full is-resized\"><img decoding=\"async\" loading=\"lazy\" src=\"https:\/\/fieldtargetcolombia.com\/wp-content\/uploads\/2023\/06\/Imagen2.png\" alt=\"\" class=\"wp-image-2370\" width=\"179\" height=\"206\" srcset=\"https:\/\/fieldtargetcolombia.com\/wp-content\/uploads\/2023\/06\/Imagen2.png 717w, https:\/\/fieldtargetcolombia.com\/wp-content\/uploads\/2023\/06\/Imagen2-262x300.png 262w\" sizes=\"(max-width: 179px) 100vw, 179px\" \/><\/figure><\/div>\n\n\n<figure class=\"wp-block-table aligncenter is-style-stripes\"><table><tbody><tr><td><strong>FREDY URIBE GOMEZ<\/strong><br>DOCUMENTO DE IDENTIDAD: 71.683.581<br>TELEFONO: 3133339913<\/td><\/tr><tr><td><\/td><\/tr><tr><td><strong>DATOS DE AFILIACI\u00d3N<\/strong><br>TIPO DE AFILIACI\u00d3N: DEPORTISTA<br>ESTADO DE AFILIACI\u00d3N: ACTIVO<br>CARNET VIGENTE HASTA: 31 DICIEMBRE 2023<\/td><\/tr><tr><td><\/td><\/tr><tr><td><strong>MODALIDADES QUE PRACTICA:<\/strong><br>FIELD TARGET<br>HUNTER FIELD TARGET<br>AIR BENCH REST<br>ACTION AIR<\/td><\/tr><tr><td><\/td><\/tr><\/tbody><\/table><\/figure>\n\n\n\n<p><\/p>\n\n\n\n<p class=\"has-text-align-center\"><strong>ARMAS DEPORTIVAS NEUM\u00c1TICAS REGISTRADAS<\/strong><\/p>\n\n\n\n<figure class=\"wp-block-table aligncenter\" style=\"font-size:12px\"><table><tbody><tr><td class=\"has-text-align-center\" data-align=\"center\"><strong>MARCA\/MODELO<\/strong><\/td><td class=\"has-text-align-center\" data-align=\"center\"><strong>CALIBRE<\/strong><\/td><td class=\"has-text-align-center\" data-align=\"center\"><strong>N\u00daMERO DE SERIAL<\/strong><\/td><\/tr><tr><td class=\"has-text-align-center\" data-align=\"center\">FX&nbsp; DREAMLINE  <\/td><td class=\"has-text-align-center\" data-align=\"center\">5.5<\/td><td class=\"has-text-align-center\" data-align=\"center\">D185094<\/td><\/tr><tr><td class=\"has-text-align-center\" data-align=\"center\">DAN WESSON REV. 2,5&#8243;<\/td><td class=\"has-text-align-center\" data-align=\"center\">4.5<\/td><td class=\"has-text-align-center\" data-align=\"center\">13629278<\/td><\/tr><tr><td class=\"has-text-align-center\" data-align=\"center\">COLT DEFENDER<\/td><td class=\"has-text-align-center\" data-align=\"center\">4.5<\/td><td class=\"has-text-align-center\" data-align=\"center\">15H51415<\/td><\/tr><tr><td class=\"has-text-align-center\" data-align=\"center\">WALTHER CP99<\/td><td class=\"has-text-align-center\" data-align=\"center\">4.5<\/td><td class=\"has-text-align-center\" data-align=\"center\">12A04096<\/td><\/tr><\/tbody><\/table><\/figure>\n\n\n\n<p><\/p>\n\n\n\n<p class=\"has-text-align-center\"><strong>ARMAS DEPORTIVAS DE FUEGO REGISTRADAS<\/strong><\/p>\n\n\n\n<figure class=\"wp-block-table aligncenter\" style=\"font-size:12px\"><table><tbody><tr><td class=\"has-text-align-center\" data-align=\"center\"><strong>MARCA\/MODELO<\/strong><\/td><td class=\"has-text-align-center\" data-align=\"center\"><strong>CALIBRE<\/strong><\/td><td class=\"has-text-align-center\" data-align=\"center\"><strong>N\u00daMERO DE SERIAL<\/strong><\/td><\/tr><tr><td class=\"has-text-align-center\" data-align=\"center\">NO TIENE NINGUNA ARMA DE FUEGO DEPORTIVA REGISTRADA<\/td><td class=\"has-text-align-center\" data-align=\"center\">N\/A<\/td><td class=\"has-text-align-center\" data-align=\"center\">N\/A<\/td><\/tr><\/tbody><\/table><\/figure>\n\n\n\n<p><\/p>\n\n\n\n<p><\/p>\n\n\n\n<div class=\"wp-block-buttons is-layout-flex\">\n<div class=\"wp-block-button aligncenter is-style-fill\"><a class=\"wp-block-button__link has-white-color has-black-background-color has-text-color has-background wp-element-button\" href=\"https:\/\/fieldtargetcolombia.com\/index.php\/datos-del-club\/\">DATOS DEL CLUB<\/a><\/div>\n\n\n\n<div class=\"wp-block-button aligncenter\"><a class=\"wp-block-button__link has-white-color has-black-background-color has-text-color has-background wp-element-button\">RESULTADOS DEPORTISTA<\/a><\/div>\n\n\n\n<div class=\"wp-block-button aligncenter\"><a class=\"wp-block-button__link has-white-color has-black-background-color has-text-color has-background wp-element-button\" href=\"https:\/\/fieldtargetcolombia.com\/\">PAGINA PRINCIPAL<\/a><\/div>\n<\/div>\n","protected":false},"excerpt":{"rendered":"<p>INFORMACI\u00d3N GENERAL DEL AFILIADO Y ESTADO DE AFILIACI\u00d3N FREDY URIBE GOMEZDOCUMENTO DE IDENTIDAD: 71.683.581TELEFONO: 3133339913 DATOS DE AFILIACI\u00d3NTIPO DE AFILIACI\u00d3N: DEPORTISTAESTADO DE AFILIACI\u00d3N: ACTIVOCARNET VIGENTE HASTA: 31 DICIEMBRE 2023 MODALIDADES QUE PRACTICA:FIELD TARGETHUNTER FIELD TARGETAIR BENCH RESTACTION AIR ARMAS DEPORTIVAS NEUM\u00c1TICAS REGISTRADAS MARCA\/MODELO CALIBRE N\u00daMERO DE SERIAL FX&nbsp; DREAMLINE 5.5 D185094 DAN WESSON REV. 2,5&#8243; [&hellip;]<\/p>\n","protected":false},"author":1,"featured_media":0,"parent":0,"menu_order":0,"comment_status":"closed","ping_status":"closed","template":"","meta":[],"_links":{"self":[{"href":"https:\/\/fieldtargetcolombia.com\/index.php\/wp-json\/wp\/v2\/pages\/2294"}],"collection":[{"href":"https:\/\/fieldtargetcolombia.com\/index.php\/wp-json\/wp\/v2\/pages"}],"about":[{"href":"https:\/\/fieldtargetcolombia.com\/index.php\/wp-json\/wp\/v2\/types\/page"}],"author":[{"embeddable":true,"href":"https:\/\/fieldtargetcolombia.com\/index.php\/wp-json\/wp\/v2\/users\/1"}],"replies":[{"embeddable":true,"href":"https:\/\/fieldtargetcolombia.com\/index.php\/wp-json\/wp\/v2\/comments?post=2294"}],"version-history":[{"count":9,"href":"https:\/\/fieldtargetcolombia.com\/index.php\/wp-json\/wp\/v2\/pages\/2294\/revisions"}],"predecessor-version":[{"id":2378,"href":"https:\/\/fieldtargetcolombia.com\/index.php\/wp-json\/wp\/v2\/pages\/2294\/revisions\/2378"}],"wp:attachment":[{"href":"https:\/\/fieldtargetcolombia.com\/index.php\/wp-json\/wp\/v2\/media?parent=2294"}],"curies":[{"name":"wp","href":"https:\/\/api.w.org\/{rel}","templated":true}]}}