{"id":2236,"date":"2023-03-08T01:06:47","date_gmt":"2023-03-08T01:06:47","guid":{"rendered":"https:\/\/fieldtargetcolombia.com\/?page_id=2236"},"modified":"2023-03-15T15:40:23","modified_gmt":"2023-03-15T15:40:23","slug":"3694-2","status":"publish","type":"page","link":"https:\/\/fieldtargetcolombia.com\/index.php\/3694-2\/","title":{"rendered":"1. ANDREA CAROLINA RODRIGUEZ ENCISO"},"content":{"rendered":"\n<p class=\"has-text-align-center\"><strong>INFORMACI\u00d3N GENERAL DEL AFILIADO<\/strong> <strong>Y ESTADO DE AFILIACI\u00d3N<\/strong><\/p>\n\n\n<div class=\"wp-block-image\">\n<figure class=\"aligncenter size-full is-resized\"><img decoding=\"async\" loading=\"lazy\" src=\"https:\/\/fieldtargetcolombia.com\/wp-content\/uploads\/2023\/03\/Foto-Andrea-Rodriguez.png\" alt=\"\" class=\"wp-image-2263\" width=\"174\" height=\"227\" srcset=\"https:\/\/fieldtargetcolombia.com\/wp-content\/uploads\/2023\/03\/Foto-Andrea-Rodriguez.png 348w, https:\/\/fieldtargetcolombia.com\/wp-content\/uploads\/2023\/03\/Foto-Andrea-Rodriguez-230x300.png 230w\" sizes=\"(max-width: 174px) 100vw, 174px\" \/><\/figure><\/div>\n\n\n<figure class=\"wp-block-table aligncenter is-style-stripes\"><table><tbody><tr><td><strong>ANDREA CAROLINA RODRIGUEZ ENCISO<br><\/strong>DOCUMENTO DE IDENTIDAD: 52.968.008<br>TELEFONO: 321992****<\/td><\/tr><tr><td><\/td><\/tr><tr><td><strong>DATOS DE AFILIACI\u00d3N<\/strong><br>TIPO DE AFILIACI\u00d3N: DEPORTISTA<br>ESTADO DE AFILIACI\u00d3N: ACTIVO<br>CARNET VIGENTE HASTA: 31 DICIEMBRE DE 2023<\/td><\/tr><tr><td><\/td><\/tr><tr><td><strong>MODALIDADES QUE PRACTICA:<\/strong><br>FIELD TARGET<br>HUNTER FIELD TARGET<br>AIR BENCH REST<\/td><\/tr><tr><td><\/td><\/tr><\/tbody><\/table><\/figure>\n\n\n\n<p><\/p>\n\n\n\n<p class=\"has-text-align-center\"><strong>ARMAS DEPORTIVAS NEUM\u00c1TICAS REGISTRADAS<\/strong><\/p>\n\n\n\n<figure class=\"wp-block-table aligncenter is-style-regular\" style=\"font-size:12px\"><table><tbody><tr><td class=\"has-text-align-center\" data-align=\"center\"><strong>MARCA\/MODELO<\/strong><\/td><td class=\"has-text-align-center\" data-align=\"center\"><strong>CALIBRE<\/strong><\/td><td class=\"has-text-align-center\" data-align=\"center\"><strong>N\u00daMERO DE SERIAL<\/strong><\/td><\/tr><tr><td class=\"has-text-align-center\" data-align=\"center\">BSA GOLDSTAR<\/td><td class=\"has-text-align-center\" data-align=\"center\">4.5<\/td><td class=\"has-text-align-center\" data-align=\"center\">GSS770106-DE<\/td><\/tr><tr><td class=\"has-text-align-center\" data-align=\"center\">HAMMERLI AR20 FT<\/td><td class=\"has-text-align-center\" data-align=\"center\">4.5<\/td><td class=\"has-text-align-center\" data-align=\"center\">HC002721<\/td><\/tr><\/tbody><\/table><\/figure>\n\n\n\n<p><\/p>\n\n\n\n<p class=\"has-text-align-center\"><strong>ARMAS DEPORTIVAS DE FUEGO REGISTRADAS<\/strong><\/p>\n\n\n\n<figure class=\"wp-block-table aligncenter is-style-regular\" style=\"font-size:12px\"><table><tbody><tr><td class=\"has-text-align-center\" data-align=\"center\"><strong>MARCA\/MODELO<\/strong><\/td><td class=\"has-text-align-center\" data-align=\"center\"><strong>CALIBRE<\/strong><\/td><td class=\"has-text-align-center\" data-align=\"center\"><strong>N\u00daMERO DE SERIAL<\/strong><\/td><\/tr><tr><td class=\"has-text-align-center\" data-align=\"center\">NO TIENE NINGUNA ARMA DE <br>FUEGO DEPORTIVA REGISTRADA<\/td><td class=\"has-text-align-center\" data-align=\"center\">N\/A<\/td><td class=\"has-text-align-center\" data-align=\"center\">N\/A<\/td><\/tr><\/tbody><\/table><\/figure>\n\n\n\n<p><\/p>\n\n\n\n<p><\/p>\n\n\n\n<div class=\"wp-block-buttons is-layout-flex\">\n<div class=\"wp-block-button aligncenter is-style-fill\"><a class=\"wp-block-button__link has-white-color has-black-background-color has-text-color has-background wp-element-button\" href=\"https:\/\/fieldtargetcolombia.com\/index.php\/datos-del-club\/\">DATOS DEL CLUB<\/a><\/div>\n\n\n\n<div class=\"wp-block-button aligncenter\"><a class=\"wp-block-button__link has-white-color has-black-background-color has-text-color has-background wp-element-button\">RESULTADOS DEPORTISTA<\/a><\/div>\n\n\n\n<div class=\"wp-block-button aligncenter\"><a class=\"wp-block-button__link has-white-color has-black-background-color has-text-color has-background wp-element-button\" href=\"https:\/\/fieldtargetcolombia.com\/\">PAGINA PRINCIPAL<\/a><\/div>\n<\/div>\n","protected":false},"excerpt":{"rendered":"<p>INFORMACI\u00d3N GENERAL DEL AFILIADO Y ESTADO DE AFILIACI\u00d3N ANDREA CAROLINA RODRIGUEZ ENCISODOCUMENTO DE IDENTIDAD: 52.968.008TELEFONO: 321992**** DATOS DE AFILIACI\u00d3NTIPO DE AFILIACI\u00d3N: DEPORTISTAESTADO DE AFILIACI\u00d3N: ACTIVOCARNET VIGENTE HASTA: 31 DICIEMBRE DE 2023 MODALIDADES QUE PRACTICA:FIELD TARGETHUNTER FIELD TARGETAIR BENCH REST ARMAS DEPORTIVAS NEUM\u00c1TICAS REGISTRADAS MARCA\/MODELO CALIBRE N\u00daMERO DE SERIAL BSA GOLDSTAR 4.5 GSS770106-DE HAMMERLI AR20 FT [&hellip;]<\/p>\n","protected":false},"author":1,"featured_media":0,"parent":0,"menu_order":0,"comment_status":"closed","ping_status":"closed","template":"","meta":[],"_links":{"self":[{"href":"https:\/\/fieldtargetcolombia.com\/index.php\/wp-json\/wp\/v2\/pages\/2236"}],"collection":[{"href":"https:\/\/fieldtargetcolombia.com\/index.php\/wp-json\/wp\/v2\/pages"}],"about":[{"href":"https:\/\/fieldtargetcolombia.com\/index.php\/wp-json\/wp\/v2\/types\/page"}],"author":[{"embeddable":true,"href":"https:\/\/fieldtargetcolombia.com\/index.php\/wp-json\/wp\/v2\/users\/1"}],"replies":[{"embeddable":true,"href":"https:\/\/fieldtargetcolombia.com\/index.php\/wp-json\/wp\/v2\/comments?post=2236"}],"version-history":[{"count":12,"href":"https:\/\/fieldtargetcolombia.com\/index.php\/wp-json\/wp\/v2\/pages\/2236\/revisions"}],"predecessor-version":[{"id":2330,"href":"https:\/\/fieldtargetcolombia.com\/index.php\/wp-json\/wp\/v2\/pages\/2236\/revisions\/2330"}],"wp:attachment":[{"href":"https:\/\/fieldtargetcolombia.com\/index.php\/wp-json\/wp\/v2\/media?parent=2236"}],"curies":[{"name":"wp","href":"https:\/\/api.w.org\/{rel}","templated":true}]}}