{"id":2199,"date":"2023-03-04T19:15:50","date_gmt":"2023-03-04T19:15:50","guid":{"rendered":"https:\/\/fieldtargetcolombia.com\/?page_id=2199"},"modified":"2023-06-07T17:41:36","modified_gmt":"2023-06-07T17:41:36","slug":"1122-2","status":"publish","type":"page","link":"https:\/\/fieldtargetcolombia.com\/index.php\/1122-2\/","title":{"rendered":"1. CESAR ANDRES ORTIZ GUERRA"},"content":{"rendered":"\n<p class=\"has-text-align-center\"><strong>INFORMACI\u00d3N GENERAL DEL AFILIADO<\/strong> <strong>Y ESTADO DE AFILIACI\u00d3N<\/strong><\/p>\n\n\n<div class=\"wp-block-image\">\n<figure class=\"aligncenter size-full is-resized\"><img decoding=\"async\" loading=\"lazy\" src=\"https:\/\/fieldtargetcolombia.com\/wp-content\/uploads\/FOTOS_AFILIADOS\/IMG_1420.jpg\" alt=\"\" class=\"wp-image-2219\" width=\"178\" height=\"237\" srcset=\"https:\/\/fieldtargetcolombia.com\/wp-content\/uploads\/FOTOS_AFILIADOS\/IMG_1420.jpg 354w, https:\/\/fieldtargetcolombia.com\/wp-content\/uploads\/FOTOS_AFILIADOS\/IMG_1420-225x300.jpg 225w\" sizes=\"(max-width: 178px) 100vw, 178px\" \/><\/figure><\/div>\n\n\n<figure class=\"wp-block-table aligncenter is-style-stripes\"><table><tbody><tr><td><strong>CESAR ANDRES ORTIZ GUERRA<\/strong><br>DOCUMENTO DE IDENTIDAD: 16.286.991<br>TELEFONO: 3162798803<\/td><\/tr><tr><td><\/td><\/tr><tr><td><strong>DATOS DE AFILIACI\u00d3N<\/strong><br>TIPO DE AFILIACI\u00d3N: DEPORTISTA<br>ESTADO DE AFILIACI\u00d3N: ACTIVO<br>CARNET VIGENTE HASTA: 31 DICIEMBRE 2023<\/td><\/tr><tr><td><\/td><\/tr><tr><td><strong>MODALIDADES QUE PRACTICA:<\/strong><br>FIELD TARGET<br>HUNTER FIELD TARGET<br>AIR BENCH REST<\/td><\/tr><tr><td><\/td><\/tr><\/tbody><\/table><\/figure>\n\n\n\n<p><\/p>\n\n\n\n<p class=\"has-text-align-center\"><strong>ARMAS DEPORTIVAS NEUM\u00c1TICAS REGISTRADAS<\/strong><\/p>\n\n\n\n<figure class=\"wp-block-table aligncenter\" style=\"font-size:12px\"><table><tbody><tr><td class=\"has-text-align-center\" data-align=\"center\"><strong>MARCA\/MODELO<\/strong><\/td><td class=\"has-text-align-center\" data-align=\"center\"><strong>CALIBRE<\/strong><\/td><td class=\"has-text-align-center\" data-align=\"center\"><strong>N\u00daMERO DE SERIAL<\/strong><\/td><\/tr><tr><td class=\"has-text-align-center\" data-align=\"center\">STEYR LG 110<\/td><td class=\"has-text-align-center\" data-align=\"center\">4.5<\/td><td class=\"has-text-align-center\" data-align=\"center\">09428<\/td><\/tr><tr><td class=\"has-text-align-center\" data-align=\"center\">KALIBERGUN CRICKET<\/td><td class=\"has-text-align-center\" data-align=\"center\">5.5<\/td><td class=\"has-text-align-center\" data-align=\"center\">22132458<\/td><\/tr><tr><td class=\"has-text-align-center\" data-align=\"center\">BENJAMIN MAXIMUS<\/td><td class=\"has-text-align-center\" data-align=\"center\">5.5<\/td><td class=\"has-text-align-center\" data-align=\"center\">317120104<\/td><\/tr><tr><td class=\"has-text-align-center\" data-align=\"center\">COMETA MODELO 5<\/td><td class=\"has-text-align-center\" data-align=\"center\">4.5<\/td><td class=\"has-text-align-center\" data-align=\"center\">129825<\/td><\/tr><tr><td class=\"has-text-align-center\" data-align=\"center\">BSA GOLDSTAR<\/td><td class=\"has-text-align-center\" data-align=\"center\">4.5<\/td><td class=\"has-text-align-center\" data-align=\"center\">GSS770106-DE<\/td><\/tr><tr><td class=\"has-text-align-center\" data-align=\"center\">HAMMERLI AR20 FT<\/td><td class=\"has-text-align-center\" data-align=\"center\">4.5<\/td><td class=\"has-text-align-center\" data-align=\"center\">HC002721<\/td><\/tr><\/tbody><\/table><\/figure>\n\n\n\n<p><\/p>\n\n\n\n<p class=\"has-text-align-center\"><strong>ARMAS DEPORTIVAS DE FUEGO REGISTRADAS<\/strong><\/p>\n\n\n\n<figure class=\"wp-block-table aligncenter\" style=\"font-size:12px\"><table><tbody><tr><td class=\"has-text-align-center\" data-align=\"center\"><strong>MARCA\/MODELO<\/strong><\/td><td class=\"has-text-align-center\" data-align=\"center\"><strong>CALIBRE<\/strong><\/td><td class=\"has-text-align-center\" data-align=\"center\"><strong>N\u00daMERO DE SERIAL<\/strong><\/td><\/tr><tr><td class=\"has-text-align-center\" data-align=\"center\">NO TIENE NINGUNA ARMA DE FUEGO DEPORTIVA REGISTRADA<\/td><td class=\"has-text-align-center\" data-align=\"center\">N\/A<\/td><td class=\"has-text-align-center\" data-align=\"center\">N\/A<\/td><\/tr><\/tbody><\/table><\/figure>\n\n\n\n<p><\/p>\n\n\n\n<p><\/p>\n\n\n\n<div class=\"wp-block-buttons is-layout-flex\">\n<div class=\"wp-block-button aligncenter is-style-fill\"><a class=\"wp-block-button__link has-white-color has-black-background-color has-text-color has-background wp-element-button\" href=\"https:\/\/fieldtargetcolombia.com\/index.php\/datos-del-club\/\">DATOS DEL CLUB<\/a><\/div>\n\n\n\n<div class=\"wp-block-button aligncenter\"><a class=\"wp-block-button__link has-white-color has-black-background-color has-text-color has-background wp-element-button\">RESULTADOS DEPORTISTA<\/a><\/div>\n\n\n\n<div class=\"wp-block-button aligncenter\"><a class=\"wp-block-button__link has-white-color has-black-background-color has-text-color has-background wp-element-button\" href=\"https:\/\/fieldtargetcolombia.com\/\">PAGINA PRINCIPAL<\/a><\/div>\n<\/div>\n","protected":false},"excerpt":{"rendered":"<p>INFORMACI\u00d3N GENERAL DEL AFILIADO Y ESTADO DE AFILIACI\u00d3N CESAR ANDRES ORTIZ GUERRADOCUMENTO DE IDENTIDAD: 16.286.991TELEFONO: 3162798803 DATOS DE AFILIACI\u00d3NTIPO DE AFILIACI\u00d3N: DEPORTISTAESTADO DE AFILIACI\u00d3N: ACTIVOCARNET VIGENTE HASTA: 31 DICIEMBRE 2023 MODALIDADES QUE PRACTICA:FIELD TARGETHUNTER FIELD TARGETAIR BENCH REST ARMAS DEPORTIVAS NEUM\u00c1TICAS REGISTRADAS MARCA\/MODELO CALIBRE N\u00daMERO DE SERIAL STEYR LG 110 4.5 09428 KALIBERGUN CRICKET 5.5 [&hellip;]<\/p>\n","protected":false},"author":1,"featured_media":0,"parent":0,"menu_order":0,"comment_status":"closed","ping_status":"closed","template":"","meta":[],"_links":{"self":[{"href":"https:\/\/fieldtargetcolombia.com\/index.php\/wp-json\/wp\/v2\/pages\/2199"}],"collection":[{"href":"https:\/\/fieldtargetcolombia.com\/index.php\/wp-json\/wp\/v2\/pages"}],"about":[{"href":"https:\/\/fieldtargetcolombia.com\/index.php\/wp-json\/wp\/v2\/types\/page"}],"author":[{"embeddable":true,"href":"https:\/\/fieldtargetcolombia.com\/index.php\/wp-json\/wp\/v2\/users\/1"}],"replies":[{"embeddable":true,"href":"https:\/\/fieldtargetcolombia.com\/index.php\/wp-json\/wp\/v2\/comments?post=2199"}],"version-history":[{"count":29,"href":"https:\/\/fieldtargetcolombia.com\/index.php\/wp-json\/wp\/v2\/pages\/2199\/revisions"}],"predecessor-version":[{"id":2394,"href":"https:\/\/fieldtargetcolombia.com\/index.php\/wp-json\/wp\/v2\/pages\/2199\/revisions\/2394"}],"wp:attachment":[{"href":"https:\/\/fieldtargetcolombia.com\/index.php\/wp-json\/wp\/v2\/media?parent=2199"}],"curies":[{"name":"wp","href":"https:\/\/api.w.org\/{rel}","templated":true}]}}