{"id":185,"date":"2017-09-15T13:16:56","date_gmt":"2017-09-15T13:16:56","guid":{"rendered":"http:\/\/fieldtargetcolombia.com\/?page_id=185"},"modified":"2023-06-21T12:43:51","modified_gmt":"2023-06-21T12:43:51","slug":"reglamentos-deportivos","status":"publish","type":"page","link":"https:\/\/fieldtargetcolombia.com\/index.php\/reglamentos-deportivos\/","title":{"rendered":"Reglamentos Deportivos"},"content":{"rendered":"\n<p><\/p>\n\n\n\n<h2 class=\"wp-block-heading has-text-align-center\">REGLAMENTOS DEPORTIVOS<\/h2>\n\n\n\n<p><\/p>\n\n\n\n<p style=\"font-size:15px\"><\/p>\n\n\n\n<p class=\"justificar\" style=\"font-size:15px\">Nuestro club se acoje a los reglamentos que las federaciones y organizaciones internacionales establecen para la pr\u00e1ctica de las modalidades de Field Target, Hunter Field Target y Air Benchrest.<\/p>\n\n\n\n<p><\/p>\n\n\n\n<hr class=\"wp-block-separator has-alpha-channel-opacity is-style-default\"\/>\n\n\n\n<div class=\"wp-block-group is-layout-constrained\"><div class=\"wp-block-group__inner-container\">\n<figure class=\"wp-block-image size-large\"><img decoding=\"async\" loading=\"lazy\" width=\"1024\" height=\"581\" src=\"https:\/\/fieldtargetcolombia.com\/wp-content\/uploads\/2023\/06\/Field-Target-1024x581.png\" alt=\"\" class=\"wp-image-2609\" srcset=\"https:\/\/fieldtargetcolombia.com\/wp-content\/uploads\/2023\/06\/Field-Target-1024x581.png 1024w, https:\/\/fieldtargetcolombia.com\/wp-content\/uploads\/2023\/06\/Field-Target-300x170.png 300w, https:\/\/fieldtargetcolombia.com\/wp-content\/uploads\/2023\/06\/Field-Target-768x435.png 768w, https:\/\/fieldtargetcolombia.com\/wp-content\/uploads\/2023\/06\/Field-Target-1536x871.png 1536w, https:\/\/fieldtargetcolombia.com\/wp-content\/uploads\/2023\/06\/Field-Target-2048x1161.png 2048w, https:\/\/fieldtargetcolombia.com\/wp-content\/uploads\/2023\/06\/Field-Target-1080x612.png 1080w\" sizes=\"(max-width: 1024px) 100vw, 1024px\" \/><\/figure>\n\n\n\n<p><\/p>\n\n\n\n<p><\/p>\n\n\n\n<p class=\"justificar\" style=\"font-size:15px\">Esta modalidad est\u00e1 liderada internacionalmente por la WORLD FIELD TARGET FEDERATION (WFTF), responsable de actualizar y publicar los reglamentos de esta modalidad. A continuaci\u00f3n podr\u00e1s descargar a versi\u00f3n m\u00e1s reciente de los reglamentos Field Target. Recomendamos ingresar a la pagina oficial de la Federaci\u00f3n para conocer m\u00e1s acerca de este deporte.<\/p>\n\n\n\n<div class=\"wp-block-columns is-layout-flex wp-container-5\">\n<div class=\"wp-block-column is-layout-flow\">\n<p><\/p>\n\n\n\n<p><\/p>\n\n\n\n<div class=\"wp-block-buttons is-content-justification-center is-layout-flex wp-container-1\">\n<div class=\"wp-block-button\"><a class=\"wp-block-button__link has-cyan-bluish-gray-background-color has-background has-text-align-center wp-element-button\" href=\"https:\/\/fieldtargetcolombia.com\/index.php\/reglamento-de-field-target\/\">Ver y Descargar Reglamento<\/a><\/div>\n<\/div>\n\n\n\n<p><\/p>\n\n\n\n<p><\/p>\n\n\n\n<div class=\"wp-block-buttons is-content-justification-center is-layout-flex wp-container-2\">\n<div class=\"wp-block-button\"><a class=\"wp-block-button__link has-cyan-bluish-gray-background-color has-background has-text-align-center wp-element-button\" href=\"https:\/\/www.world-field-target-federation.org\/\">Ir a P\u00e1gina oficial WFTF       <\/a><\/div>\n<\/div>\n<\/div>\n\n\n\n<div class=\"wp-block-column is-layout-flow\">\n<p><\/p>\n\n\n<div class=\"wp-block-image\">\n<figure class=\"aligncenter size-full is-resized\"><img decoding=\"async\" loading=\"lazy\" src=\"https:\/\/fieldtargetcolombia.com\/wp-content\/uploads\/2023\/06\/descarga-1.png\" alt=\"\" class=\"wp-image-2499\" width=\"199\" height=\"199\" srcset=\"https:\/\/fieldtargetcolombia.com\/wp-content\/uploads\/2023\/06\/descarga-1.png 225w, https:\/\/fieldtargetcolombia.com\/wp-content\/uploads\/2023\/06\/descarga-1-150x150.png 150w\" sizes=\"(max-width: 199px) 100vw, 199px\" \/><\/figure><\/div><\/div>\n<\/div>\n\n\n\n<hr class=\"wp-block-separator has-alpha-channel-opacity is-style-default\"\/>\n<\/div><\/div>\n\n\n\n<div class=\"wp-block-group is-layout-constrained\"><div class=\"wp-block-group__inner-container\">\n<figure class=\"wp-block-image size-large\"><img decoding=\"async\" loading=\"lazy\" width=\"1024\" height=\"578\" src=\"https:\/\/fieldtargetcolombia.com\/wp-content\/uploads\/2023\/06\/hunter-1024x578.png\" alt=\"\" class=\"wp-image-2610\" srcset=\"https:\/\/fieldtargetcolombia.com\/wp-content\/uploads\/2023\/06\/hunter-1024x578.png 1024w, https:\/\/fieldtargetcolombia.com\/wp-content\/uploads\/2023\/06\/hunter-300x169.png 300w, https:\/\/fieldtargetcolombia.com\/wp-content\/uploads\/2023\/06\/hunter-768x433.png 768w, https:\/\/fieldtargetcolombia.com\/wp-content\/uploads\/2023\/06\/hunter-1536x867.png 1536w, https:\/\/fieldtargetcolombia.com\/wp-content\/uploads\/2023\/06\/hunter-2048x1156.png 2048w, https:\/\/fieldtargetcolombia.com\/wp-content\/uploads\/2023\/06\/hunter-1080x610.png 1080w\" sizes=\"(max-width: 1024px) 100vw, 1024px\" \/><\/figure>\n\n\n\n<p><\/p>\n\n\n\n<p class=\"justificar\" style=\"font-size:16px\">Esta modalidad est\u00e1 liderada por la WORLD HUNTER FIELD TARGET ORGANISATION (HFTO),  esta organizaci\u00f3n es la encargada de actualizar y publicar los reglamentos. A continuaci\u00f3n podr\u00e1s descargar a versi\u00f3n m\u00e1s reciente de los reglamentos de Hunter Field Target. Recomendamos ingresar a la pagina oficial de la WHFTO para conocer m\u00e1s acerca de esta modalidad<\/p>\n\n\n\n<div class=\"wp-block-columns is-layout-flex wp-container-11\">\n<div class=\"wp-block-column is-layout-flow\">\n<p><\/p>\n\n\n\n<p><\/p>\n\n\n\n<div class=\"wp-block-buttons is-content-justification-center is-layout-flex wp-container-7\">\n<div class=\"wp-block-button\"><a class=\"wp-block-button__link has-cyan-bluish-gray-background-color has-background has-text-align-center wp-element-button\" href=\"https:\/\/fieldtargetcolombia.com\/index.php\/reglamento-whfto\/\">Ver y Descargar Reglamento<\/a><\/div>\n<\/div>\n\n\n\n<p><\/p>\n\n\n\n<p><\/p>\n\n\n\n<div class=\"wp-block-buttons is-content-justification-center is-layout-flex wp-container-8\">\n<div class=\"wp-block-button\"><a class=\"wp-block-button__link has-cyan-bluish-gray-background-color has-background has-text-align-center wp-element-button\" href=\"https:\/\/www.whfto.com\/\">Ir a P\u00e1gina oficial WHFTO       <\/a><\/div>\n<\/div>\n<\/div>\n\n\n\n<div class=\"wp-block-column is-layout-flow\">\n<p><\/p>\n\n\n\n<figure class=\"wp-block-image size-full is-resized\"><img decoding=\"async\" loading=\"lazy\" src=\"https:\/\/fieldtargetcolombia.com\/wp-content\/uploads\/2023\/06\/whfto_blue.jpg\" alt=\"\" class=\"wp-image-2516\" width=\"355\" height=\"133\" srcset=\"https:\/\/fieldtargetcolombia.com\/wp-content\/uploads\/2023\/06\/whfto_blue.jpg 355w, https:\/\/fieldtargetcolombia.com\/wp-content\/uploads\/2023\/06\/whfto_blue-300x112.jpg 300w\" sizes=\"(max-width: 355px) 100vw, 355px\" \/><\/figure>\n<\/div>\n<\/div>\n<\/div><\/div>\n\n\n\n<p><\/p>\n\n\n\n<hr class=\"wp-block-separator has-alpha-channel-opacity is-style-default\"\/>\n\n\n\n<p><\/p>\n\n\n\n<figure class=\"wp-block-image size-large\"><img decoding=\"async\" loading=\"lazy\" width=\"1024\" height=\"579\" src=\"https:\/\/fieldtargetcolombia.com\/wp-content\/uploads\/2023\/06\/benchrest-1024x579.png\" alt=\"\" class=\"wp-image-2611\" srcset=\"https:\/\/fieldtargetcolombia.com\/wp-content\/uploads\/2023\/06\/benchrest-1024x579.png 1024w, https:\/\/fieldtargetcolombia.com\/wp-content\/uploads\/2023\/06\/benchrest-300x170.png 300w, https:\/\/fieldtargetcolombia.com\/wp-content\/uploads\/2023\/06\/benchrest-768x434.png 768w, https:\/\/fieldtargetcolombia.com\/wp-content\/uploads\/2023\/06\/benchrest-1536x869.png 1536w, https:\/\/fieldtargetcolombia.com\/wp-content\/uploads\/2023\/06\/benchrest-2048x1158.png 2048w, https:\/\/fieldtargetcolombia.com\/wp-content\/uploads\/2023\/06\/benchrest-1080x611.png 1080w\" sizes=\"(max-width: 1024px) 100vw, 1024px\" \/><\/figure>\n\n\n\n<div class=\"wp-block-group is-layout-constrained\"><div class=\"wp-block-group__inner-container\">\n<p><\/p>\n\n\n\n<p class=\"justificar\" style=\"font-size:16px\">Esta modalidad est\u00e1 liderada internacionalmente por la WORLD RIMFIRE AND AIR RIFLE BENCHREST FEDERATION (WRABF),  esta Federaci\u00f3n es la encargada de actualizar y publicar los reglamentos. A continuaci\u00f3n podr\u00e1s descargar a versi\u00f3n m\u00e1s reciente de los reglamentos de Air Benchrest.  recomendamos ingresar a la pagina oficial de la WRABF para conocer m\u00e1s acerca de esta modalidad<\/p>\n\n\n\n<div class=\"wp-block-columns is-layout-flex wp-container-17\">\n<div class=\"wp-block-column is-layout-flow\">\n<p><\/p>\n\n\n\n<p><\/p>\n\n\n\n<div class=\"wp-block-buttons is-content-justification-center is-layout-flex wp-container-13\">\n<div class=\"wp-block-button\"><a class=\"wp-block-button__link has-cyan-bluish-gray-background-color has-background has-text-align-center wp-element-button\" href=\"https:\/\/fieldtargetcolombia.com\/index.php\/reglamento-wrbaf\/\">Ver y Descargar Reglamento<\/a><\/div>\n<\/div>\n\n\n\n<p><\/p>\n\n\n\n<p><\/p>\n\n\n\n<div class=\"wp-block-buttons is-content-justification-center is-layout-flex wp-container-14\">\n<div class=\"wp-block-button\"><a class=\"wp-block-button__link has-cyan-bluish-gray-background-color has-background has-text-align-center wp-element-button\" href=\"https:\/\/www.whfto.com\/\">Ir a P\u00e1gina oficial WRAFB       <\/a><\/div>\n<\/div>\n<\/div>\n\n\n\n<div class=\"wp-block-column is-layout-flow\">\n<p><\/p>\n\n\n<div class=\"wp-block-image\">\n<figure class=\"aligncenter size-full is-resized\"><img decoding=\"async\" loading=\"lazy\" src=\"https:\/\/fieldtargetcolombia.com\/wp-content\/uploads\/2023\/06\/wrfaf-logo.jpg\" alt=\"\" class=\"wp-image-2520\" width=\"171\" height=\"171\"\/><\/figure><\/div><\/div>\n<\/div>\n<\/div><\/div>\n","protected":false},"excerpt":{"rendered":"<p>REGLAMENTOS DEPORTIVOS Nuestro club se acoje a los reglamentos que las federaciones y organizaciones internacionales establecen para la pr\u00e1ctica de las modalidades de Field Target, Hunter Field Target y Air Benchrest. Esta modalidad est\u00e1 liderada internacionalmente por la WORLD FIELD TARGET FEDERATION (WFTF), responsable de actualizar y publicar los reglamentos de esta modalidad. A continuaci\u00f3n [&hellip;]<\/p>\n","protected":false},"author":1,"featured_media":0,"parent":0,"menu_order":0,"comment_status":"closed","ping_status":"closed","template":"","meta":[],"_links":{"self":[{"href":"https:\/\/fieldtargetcolombia.com\/index.php\/wp-json\/wp\/v2\/pages\/185"}],"collection":[{"href":"https:\/\/fieldtargetcolombia.com\/index.php\/wp-json\/wp\/v2\/pages"}],"about":[{"href":"https:\/\/fieldtargetcolombia.com\/index.php\/wp-json\/wp\/v2\/types\/page"}],"author":[{"embeddable":true,"href":"https:\/\/fieldtargetcolombia.com\/index.php\/wp-json\/wp\/v2\/users\/1"}],"replies":[{"embeddable":true,"href":"https:\/\/fieldtargetcolombia.com\/index.php\/wp-json\/wp\/v2\/comments?post=185"}],"version-history":[{"count":25,"href":"https:\/\/fieldtargetcolombia.com\/index.php\/wp-json\/wp\/v2\/pages\/185\/revisions"}],"predecessor-version":[{"id":2622,"href":"https:\/\/fieldtargetcolombia.com\/index.php\/wp-json\/wp\/v2\/pages\/185\/revisions\/2622"}],"wp:attachment":[{"href":"https:\/\/fieldtargetcolombia.com\/index.php\/wp-json\/wp\/v2\/media?parent=185"}],"curies":[{"name":"wp","href":"https:\/\/api.w.org\/{rel}","templated":true}]}}